{"id":1579,"date":"2022-06-28T14:20:54","date_gmt":"2022-06-28T14:20:54","guid":{"rendered":"https:\/\/shop.gartenfreunde.de\/?post_type=product&#038;p=1579"},"modified":"2023-11-17T07:52:10","modified_gmt":"2023-11-17T07:52:10","slug":"fiskars-bypass-gartenschere-m-p921-hurra-buch","status":"publish","type":"product","link":"https:\/\/shop.gartenfreunde.de\/?product=fiskars-bypass-gartenschere-m-p921-hurra-buch","title":{"rendered":"Starter-Paket: FISKARS SingleStep Heckenschere HS 22 &amp; Hurra-Buch f\u00fcr Gartenneulinge"},"content":{"rendered":"<h3><strong>Zusammen sparen!<\/strong><\/h3>\n<p>Diese \u00e4u\u00dferst robuste und leichte\u00a0<strong>SingleStep Heckenschere HS 22<\/strong>\u00a0darf in keinem Garten fehlen!<br \/>\n\u2022 Optimal f\u00fcr Form- und R\u00fcckschnitt<br \/>\n\u2022 Geringes Gewicht, vorteilhaft bei l\u00e4ngerem Arbeiten<br \/>\n\u2022 Stahlklingen mit Wellenschliff bieten sehr guten Halt des Schnittwerks<\/p>\n<h3><strong>&#8222;Hurra! Ich habe einen Kleingarten&#8220;<\/strong><\/h3>\n<p>Wie gestalte ich einen bestehenden Garten um?<br \/>\nWelche Pflanzen eignen sich besonders gut?<br \/>\nWer steht mir mit Rat und Tat zur Seite?<br \/>\nDiese und viele weitere Fragen rund um das G\u00e4rtnern in der Gemeinschaft beantwortet unser Buch \u201eHurra! Ich habe einen Kleingarten\u201c. Dazu gibt es zahlreiche praktische Hinweise f\u00fcr das Leben als Gartenfreundin und Gartenfreund.<\/p>\n<p><a href=\"https:\/\/www.hurra-kleingarten.de\/\" target=\"_blank\" rel=\"noopener\">Mehr Informationen zum Buch finden Sie hier.<\/a><\/p>\n<p>Egal ob Sie sich selber \u00fcber die wichtigen Arbeiten im Garten informieren m\u00f6chten, oder ein Geschenk f\u00fcr Garten-Anf\u00e4nger und -Einsteiger suchen. Dies ist die ideale Kombination f\u00fcr einen erfolgreichen Start in Ihrem eigenen Garten.<\/p>\n<p>Statt 40,90 Euro (unverbindliche Preisempfehlung) bieten wir Ihnen dieses hilfreiche Starter-Paket zum einmaligen <strong>Sonderpreis von 24,90 \u20ac<\/strong> (inkl. MwSt., zzgl. 4,90 Euro Versandkosten) an.<\/p>\n","protected":false},"excerpt":{"rendered":"<p>Zusammen sparen! Diese \u00e4u\u00dferst robuste und leichte\u00a0SingleStep Heckenschere HS 22\u00a0darf in keinem Garten fehlen! \u2022 Optimal f\u00fcr Form- und R\u00fcckschnitt \u2022 Geringes Gewicht, vorteilhaft bei l\u00e4ngerem Arbeiten \u2022 Stahlklingen mit Wellenschliff bieten sehr guten Halt des Schnittwerks &#8222;Hurra! Ich habe einen Kleingarten&#8220; Wie gestalte ich einen bestehenden Garten um? Welche Pflanzen eignen sich besonders gut? [&hellip;]<\/p>\n","protected":false},"featured_media":1627,"template":"","meta":[],"product_brand":[],"product_cat":[24],"product_tag":[30,29],"class_list":{"0":"post-1579","1":"product","2":"type-product","3":"status-publish","4":"has-post-thumbnail","6":"product_cat-produkt-angebot","7":"product_tag-fiskars-heckenschere","8":"product_tag-hurra-ich-habe-einen-kleingarten","9":"product_shipping_class-versand-standard","11":"first","12":"instock","13":"sale","14":"taxable","15":"shipping-taxable","16":"purchasable","17":"product-type-simple"},"yoast_head":"<!-- This site is optimized with the Yoast SEO plugin v27.3 - https:\/\/yoast.com\/product\/yoast-seo-wordpress\/ -->\n<title>FISKARS Bypass-Gartenschere M P921 &amp; Hurra-Buch FISKARS Bypass-Gartenschere M P921 &amp; Hurra-Buch - FISKARS Bypass-Gartenschere M P921 &amp; Hurra-Buch<\/title>\n<meta name=\"description\" content=\"Gartenschere von FISKARS &amp; Buch&quot;Hurra! Ich habe einen Kleingarten&quot; als Starter-Paket im Set-Preis. Ideales Geschenk f\u00fcr Garteneinsteiger:innen\" \/>\n<meta name=\"robots\" content=\"index, follow, max-snippet:-1, max-image-preview:large, max-video-preview:-1\" \/>\n<link rel=\"canonical\" href=\"https:\/\/shop.gartenfreunde.de\/?product=fiskars-bypass-gartenschere-m-p921-hurra-buch\" \/>\n<meta property=\"og:locale\" content=\"de_DE\" \/>\n<meta property=\"og:type\" content=\"article\" \/>\n<meta property=\"og:title\" content=\"FISKARS Bypass-Gartenschere M P921 &amp; Hurra-Buch FISKARS Bypass-Gartenschere M P921 &amp; Hurra-Buch - FISKARS Bypass-Gartenschere M P921 &amp; Hurra-Buch\" \/>\n<meta property=\"og:description\" content=\"Gartenschere von FISKARS &amp; Buch&quot;Hurra! Ich habe einen Kleingarten&quot; als Starter-Paket im Set-Preis. Ideales Geschenk f\u00fcr Garteneinsteiger:innen\" \/>\n<meta property=\"og:url\" content=\"https:\/\/shop.gartenfreunde.de\/?product=fiskars-bypass-gartenschere-m-p921-hurra-buch\" \/>\n<meta property=\"og:site_name\" content=\"shop.gartenfreunde.de\" \/>\n<meta property=\"article:modified_time\" content=\"2023-11-17T07:52:10+00:00\" \/>\n<meta property=\"og:image\" content=\"https:\/\/shop.gartenfreunde.de\/wp-content\/uploads\/2022\/06\/hurra-fiskars_SHOP.jpg\" \/>\n\t<meta property=\"og:image:width\" content=\"1400\" \/>\n\t<meta property=\"og:image:height\" content=\"1124\" \/>\n\t<meta property=\"og:image:type\" content=\"image\/jpeg\" \/>\n<meta name=\"twitter:card\" content=\"summary_large_image\" \/>\n<meta name=\"twitter:label1\" content=\"Gesch\u00e4tzte Lesezeit\" \/>\n\t<meta name=\"twitter:data1\" content=\"1\u00a0Minute\" \/>\n<script type=\"application\/ld+json\" class=\"yoast-schema-graph\">{\"@context\":\"https:\\\/\\\/schema.org\",\"@graph\":[{\"@type\":\"WebPage\",\"@id\":\"https:\\\/\\\/shop.gartenfreunde.de\\\/?product=fiskars-bypass-gartenschere-m-p921-hurra-buch\",\"url\":\"https:\\\/\\\/shop.gartenfreunde.de\\\/?product=fiskars-bypass-gartenschere-m-p921-hurra-buch\",\"name\":\"FISKARS Bypass-Gartenschere M P921 & Hurra-Buch FISKARS Bypass-Gartenschere M P921 & Hurra-Buch - FISKARS Bypass-Gartenschere M P921 & Hurra-Buch\",\"isPartOf\":{\"@id\":\"https:\\\/\\\/shop.gartenfreunde.de\\\/#website\"},\"primaryImageOfPage\":{\"@id\":\"https:\\\/\\\/shop.gartenfreunde.de\\\/?product=fiskars-bypass-gartenschere-m-p921-hurra-buch#primaryimage\"},\"image\":{\"@id\":\"https:\\\/\\\/shop.gartenfreunde.de\\\/?product=fiskars-bypass-gartenschere-m-p921-hurra-buch#primaryimage\"},\"thumbnailUrl\":\"https:\\\/\\\/shop.gartenfreunde.de\\\/wp-content\\\/uploads\\\/2022\\\/06\\\/shop-gartenfreunde-galerie.jpg\",\"datePublished\":\"2022-06-28T14:20:54+00:00\",\"dateModified\":\"2023-11-17T07:52:10+00:00\",\"description\":\"Gartenschere von FISKARS & Buch\\\"Hurra! Ich habe einen Kleingarten\\\" als Starter-Paket im Set-Preis. Ideales Geschenk f\u00fcr Garteneinsteiger:innen\",\"breadcrumb\":{\"@id\":\"https:\\\/\\\/shop.gartenfreunde.de\\\/?product=fiskars-bypass-gartenschere-m-p921-hurra-buch#breadcrumb\"},\"inLanguage\":\"de\",\"potentialAction\":[{\"@type\":\"ReadAction\",\"target\":[\"https:\\\/\\\/shop.gartenfreunde.de\\\/?product=fiskars-bypass-gartenschere-m-p921-hurra-buch\"]}]},{\"@type\":\"ImageObject\",\"inLanguage\":\"de\",\"@id\":\"https:\\\/\\\/shop.gartenfreunde.de\\\/?product=fiskars-bypass-gartenschere-m-p921-hurra-buch#primaryimage\",\"url\":\"https:\\\/\\\/shop.gartenfreunde.de\\\/wp-content\\\/uploads\\\/2022\\\/06\\\/shop-gartenfreunde-galerie.jpg\",\"contentUrl\":\"https:\\\/\\\/shop.gartenfreunde.de\\\/wp-content\\\/uploads\\\/2022\\\/06\\\/shop-gartenfreunde-galerie.jpg\",\"width\":1400,\"height\":1124,\"caption\":\"Fiskars Heckenschere und Hurra! Buch\"},{\"@type\":\"BreadcrumbList\",\"@id\":\"https:\\\/\\\/shop.gartenfreunde.de\\\/?product=fiskars-bypass-gartenschere-m-p921-hurra-buch#breadcrumb\",\"itemListElement\":[{\"@type\":\"ListItem\",\"position\":1,\"name\":\"Home\",\"item\":\"https:\\\/\\\/shop.gartenfreunde.de\\\/\"},{\"@type\":\"ListItem\",\"position\":2,\"name\":\"Shop\",\"item\":\"https:\\\/\\\/shop.gartenfreunde.de\\\/?page_id=42\"},{\"@type\":\"ListItem\",\"position\":3,\"name\":\"Starter-Paket: FISKARS Bypass-Gartenschere M P921 &amp; Hurra-Buch f\u00fcr Gartenneulinge\"}]},{\"@type\":\"WebSite\",\"@id\":\"https:\\\/\\\/shop.gartenfreunde.de\\\/#website\",\"url\":\"https:\\\/\\\/shop.gartenfreunde.de\\\/\",\"name\":\"shop.gartenfreunde.de\",\"description\":\"...alles f\u00fcr einen sch\u00f6nen Garten und noch mehr\",\"potentialAction\":[{\"@type\":\"SearchAction\",\"target\":{\"@type\":\"EntryPoint\",\"urlTemplate\":\"https:\\\/\\\/shop.gartenfreunde.de\\\/?s={search_term_string}\"},\"query-input\":{\"@type\":\"PropertyValueSpecification\",\"valueRequired\":true,\"valueName\":\"search_term_string\"}}],\"inLanguage\":\"de\"}]}<\/script>\n<!-- \/ Yoast SEO plugin. -->","yoast_head_json":{"title":"FISKARS Bypass-Gartenschere M P921 & Hurra-Buch FISKARS Bypass-Gartenschere M P921 & Hurra-Buch - FISKARS Bypass-Gartenschere M P921 & Hurra-Buch","description":"Gartenschere von FISKARS & Buch\"Hurra! Ich habe einen Kleingarten\" als Starter-Paket im Set-Preis. Ideales Geschenk f\u00fcr Garteneinsteiger:innen","robots":{"index":"index","follow":"follow","max-snippet":"max-snippet:-1","max-image-preview":"max-image-preview:large","max-video-preview":"max-video-preview:-1"},"canonical":"https:\/\/shop.gartenfreunde.de\/?product=fiskars-bypass-gartenschere-m-p921-hurra-buch","og_locale":"de_DE","og_type":"article","og_title":"FISKARS Bypass-Gartenschere M P921 & Hurra-Buch FISKARS Bypass-Gartenschere M P921 & Hurra-Buch - FISKARS Bypass-Gartenschere M P921 & Hurra-Buch","og_description":"Gartenschere von FISKARS & Buch\"Hurra! Ich habe einen Kleingarten\" als Starter-Paket im Set-Preis. Ideales Geschenk f\u00fcr Garteneinsteiger:innen","og_url":"https:\/\/shop.gartenfreunde.de\/?product=fiskars-bypass-gartenschere-m-p921-hurra-buch","og_site_name":"shop.gartenfreunde.de","article_modified_time":"2023-11-17T07:52:10+00:00","og_image":[{"width":1400,"height":1124,"url":"https:\/\/shop.gartenfreunde.de\/wp-content\/uploads\/2022\/06\/hurra-fiskars_SHOP.jpg","type":"image\/jpeg"}],"twitter_card":"summary_large_image","twitter_misc":{"Gesch\u00e4tzte Lesezeit":"1\u00a0Minute"},"schema":{"@context":"https:\/\/schema.org","@graph":[{"@type":"WebPage","@id":"https:\/\/shop.gartenfreunde.de\/?product=fiskars-bypass-gartenschere-m-p921-hurra-buch","url":"https:\/\/shop.gartenfreunde.de\/?product=fiskars-bypass-gartenschere-m-p921-hurra-buch","name":"FISKARS Bypass-Gartenschere M P921 & Hurra-Buch FISKARS Bypass-Gartenschere M P921 & Hurra-Buch - FISKARS Bypass-Gartenschere M P921 & Hurra-Buch","isPartOf":{"@id":"https:\/\/shop.gartenfreunde.de\/#website"},"primaryImageOfPage":{"@id":"https:\/\/shop.gartenfreunde.de\/?product=fiskars-bypass-gartenschere-m-p921-hurra-buch#primaryimage"},"image":{"@id":"https:\/\/shop.gartenfreunde.de\/?product=fiskars-bypass-gartenschere-m-p921-hurra-buch#primaryimage"},"thumbnailUrl":"https:\/\/shop.gartenfreunde.de\/wp-content\/uploads\/2022\/06\/shop-gartenfreunde-galerie.jpg","datePublished":"2022-06-28T14:20:54+00:00","dateModified":"2023-11-17T07:52:10+00:00","description":"Gartenschere von FISKARS & Buch\"Hurra! Ich habe einen Kleingarten\" als Starter-Paket im Set-Preis. Ideales Geschenk f\u00fcr Garteneinsteiger:innen","breadcrumb":{"@id":"https:\/\/shop.gartenfreunde.de\/?product=fiskars-bypass-gartenschere-m-p921-hurra-buch#breadcrumb"},"inLanguage":"de","potentialAction":[{"@type":"ReadAction","target":["https:\/\/shop.gartenfreunde.de\/?product=fiskars-bypass-gartenschere-m-p921-hurra-buch"]}]},{"@type":"ImageObject","inLanguage":"de","@id":"https:\/\/shop.gartenfreunde.de\/?product=fiskars-bypass-gartenschere-m-p921-hurra-buch#primaryimage","url":"https:\/\/shop.gartenfreunde.de\/wp-content\/uploads\/2022\/06\/shop-gartenfreunde-galerie.jpg","contentUrl":"https:\/\/shop.gartenfreunde.de\/wp-content\/uploads\/2022\/06\/shop-gartenfreunde-galerie.jpg","width":1400,"height":1124,"caption":"Fiskars Heckenschere und Hurra! Buch"},{"@type":"BreadcrumbList","@id":"https:\/\/shop.gartenfreunde.de\/?product=fiskars-bypass-gartenschere-m-p921-hurra-buch#breadcrumb","itemListElement":[{"@type":"ListItem","position":1,"name":"Home","item":"https:\/\/shop.gartenfreunde.de\/"},{"@type":"ListItem","position":2,"name":"Shop","item":"https:\/\/shop.gartenfreunde.de\/?page_id=42"},{"@type":"ListItem","position":3,"name":"Starter-Paket: FISKARS Bypass-Gartenschere M P921 &amp; Hurra-Buch f\u00fcr Gartenneulinge"}]},{"@type":"WebSite","@id":"https:\/\/shop.gartenfreunde.de\/#website","url":"https:\/\/shop.gartenfreunde.de\/","name":"shop.gartenfreunde.de","description":"...alles f\u00fcr einen sch\u00f6nen Garten und noch mehr","potentialAction":[{"@type":"SearchAction","target":{"@type":"EntryPoint","urlTemplate":"https:\/\/shop.gartenfreunde.de\/?s={search_term_string}"},"query-input":{"@type":"PropertyValueSpecification","valueRequired":true,"valueName":"search_term_string"}}],"inLanguage":"de"}]}},"jetpack_sharing_enabled":true,"_links":{"self":[{"href":"https:\/\/shop.gartenfreunde.de\/index.php?rest_route=\/wp\/v2\/product\/1579","targetHints":{"allow":["GET"]}}],"collection":[{"href":"https:\/\/shop.gartenfreunde.de\/index.php?rest_route=\/wp\/v2\/product"}],"about":[{"href":"https:\/\/shop.gartenfreunde.de\/index.php?rest_route=\/wp\/v2\/types\/product"}],"wp:featuredmedia":[{"embeddable":true,"href":"https:\/\/shop.gartenfreunde.de\/index.php?rest_route=\/wp\/v2\/media\/1627"}],"wp:attachment":[{"href":"https:\/\/shop.gartenfreunde.de\/index.php?rest_route=%2Fwp%2Fv2%2Fmedia&parent=1579"}],"wp:term":[{"taxonomy":"product_brand","embeddable":true,"href":"https:\/\/shop.gartenfreunde.de\/index.php?rest_route=%2Fwp%2Fv2%2Fproduct_brand&post=1579"},{"taxonomy":"product_cat","embeddable":true,"href":"https:\/\/shop.gartenfreunde.de\/index.php?rest_route=%2Fwp%2Fv2%2Fproduct_cat&post=1579"},{"taxonomy":"product_tag","embeddable":true,"href":"https:\/\/shop.gartenfreunde.de\/index.php?rest_route=%2Fwp%2Fv2%2Fproduct_tag&post=1579"}],"curies":[{"name":"wp","href":"https:\/\/api.w.org\/{rel}","templated":true}]}}